{"id":8,"date":"2013-12-19T16:14:04","date_gmt":"2013-12-19T15:14:04","guid":{"rendered":"http:\/\/www.ars-vinorum.com\/?page_id=8"},"modified":"2025-10-23T10:33:22","modified_gmt":"2025-10-23T09:33:22","slug":"8-2","status":"publish","type":"page","link":"https:\/\/www.ars-vinorum.com\/","title":{"rendered":"Bienvenue"},"content":{"rendered":"\n<p><\/p>\n\n\n\n<p><\/p>\n\n\n\n<p><\/p>\n\n\n<h1>.<\/h1>\n<h1>\u00a0<\/h1>\n<p>\u00a0<\/p>\n<h1>\u00a0<\/h1>\n<p>\u00a0<\/p>\n<h2>\u00a0<\/h2>\n<p>\u00a0<\/p>\n<h3>\u00a0<\/h3>\n<h1 style=\"text-align: center;\"><strong>On est ouverts en mode Pop up Bar Aperitivo!<\/strong><\/h1>\n<h1 style=\"text-align: center;\"><strong>La Spritzeria by Ars Vinorum\u00a0<\/strong><\/h1>\n<h2>Un bar \u00e0 Spritz (avec ou sans alcool) Aperitivo (du grignotage maison \u00e0 l\u2019italienne) et une ambiance parfaite pour bien terminer la journ\u00e9e ou commencer la soir\u00e9e.<\/h2>\n<p><strong>Jeudi, vendredi et samedi<\/strong><br \/><strong>De 17h \u00e0 21h30<\/strong><br \/><strong>En mode pop-up jusqu\u2019en octobre<\/strong><\/p>\n<p>Au menu :<\/p>\n<ul>\n<li>Une s\u00e9lection de <strong>Spritz<\/strong> \u00e0 prix doux (7, 8 ou 9 \u20ac)<\/li>\n<li>Des <strong>cr\u00e9ations maison originales<\/strong> et des classiques incontournables<\/li>\n<li>Des <strong>aperitivo<\/strong> savoureux \u00e0 partager (ou pas&#8230;)<\/li>\n<\/ul>\n<p>Venez trinquer, grignoter, papoter&#8230; et lancer vos soir\u00e9es avec style.<\/p>\n<h2><strong>Suivez-nous :<\/strong><\/h2>\n<h2><strong>Facebook<\/strong>\u00a0<a href=\"https:\/\/www.facebook.com\/share\/1WCsTuVbBT\/\">https:\/\/www.facebook.com\/share\/1WCsTuVbBT\/<\/a>\u00a0 \u00a0 \u00a0 \u00a0 \u00a0<\/h2>\n<h2><strong>Instagram\u00a0<\/strong><a href=\"https:\/\/www.instagram.com\/la_spritzeria_bxl?igsh=MWZubnB6Z3djczY0Yg==\">https:\/\/www.instagram.com\/la_spritzeria_bxl?igsh=MWZubnB6Z3djczY0Yg==<\/a><\/h2>\n<p>\u00a0<\/p>","protected":false},"excerpt":{"rendered":"<p>. \u00a0 \u00a0 \u00a0 \u00a0 \u00a0 \u00a0 \u00a0 On est ouverts en mode Pop up Bar Aperitivo! La Spritzeria by Ars Vinorum\u00a0 Un bar \u00e0 Spritz (avec ou sans alcool) Aperitivo (du grignotage maison \u00e0 l\u2019italienne) et une ambiance parfaite pour bien terminer la journ\u00e9e ou commencer la soir\u00e9e. Jeudi, vendredi et samediDe 17h \u00e0 [&hellip;]<\/p>\n","protected":false},"author":1,"featured_media":0,"parent":0,"menu_order":0,"comment_status":"open","ping_status":"open","template":"homepage.php","meta":[],"_links":{"self":[{"href":"https:\/\/www.ars-vinorum.com\/index.php?rest_route=\/wp\/v2\/pages\/8"}],"collection":[{"href":"https:\/\/www.ars-vinorum.com\/index.php?rest_route=\/wp\/v2\/pages"}],"about":[{"href":"https:\/\/www.ars-vinorum.com\/index.php?rest_route=\/wp\/v2\/types\/page"}],"author":[{"embeddable":true,"href":"https:\/\/www.ars-vinorum.com\/index.php?rest_route=\/wp\/v2\/users\/1"}],"replies":[{"embeddable":true,"href":"https:\/\/www.ars-vinorum.com\/index.php?rest_route=%2Fwp%2Fv2%2Fcomments&post=8"}],"version-history":[{"count":67,"href":"https:\/\/www.ars-vinorum.com\/index.php?rest_route=\/wp\/v2\/pages\/8\/revisions"}],"predecessor-version":[{"id":1203,"href":"https:\/\/www.ars-vinorum.com\/index.php?rest_route=\/wp\/v2\/pages\/8\/revisions\/1203"}],"wp:attachment":[{"href":"https:\/\/www.ars-vinorum.com\/index.php?rest_route=%2Fwp%2Fv2%2Fmedia&parent=8"}],"curies":[{"name":"wp","href":"https:\/\/api.w.org\/{rel}","templated":true}]}}