{"id":48,"date":"2013-12-20T12:01:00","date_gmt":"2013-12-20T11:01:00","guid":{"rendered":"http:\/\/www.ars-vinorum.com\/?page_id=48"},"modified":"2025-04-22T21:11:39","modified_gmt":"2025-04-22T20:11:39","slug":"contactez-nous","status":"publish","type":"page","link":"https:\/\/www.ars-vinorum.com\/?page_id=48","title":{"rendered":"Contact"},"content":{"rendered":"<p>Nous sommes situ\u00e9s \u00e0 la Porte de Namur,<br \/>\nrue de la Reinette 6, Bruxelles 1000.<\/p>\n<p><strong>Heures d&rsquo;ouverture:<\/strong> jeudi, vendredi, samedi de 17h \u00e0 21h30<\/p>\n<p>Parking ais\u00e9 au \u00ab\u00a0Parking des Deux Portes\u00a0\u00bb.<\/p>\n<p><iframe loading=\"lazy\" src=\"https:\/\/maps.google.be\/maps?q=6+reinette+street+1000+brussels&amp;ie=UTF8&amp;hq=&amp;hnear=Rue+de+la+Reinette+6,+1000+Bruxelles&amp;gl=be&amp;t=m&amp;z=14&amp;ll=50.838965,4.360914&amp;output=embed\" width=\"425\" height=\"350\" frameborder=\"0\" marginwidth=\"0\" marginheight=\"0\" scrolling=\"no\"><\/iframe><br \/>\n<small><a style=\"color: #0000ff; text-align: left;\" href=\"https:\/\/maps.google.be\/maps?q=6+reinette+street+1000+brussels&amp;ie=UTF8&amp;hq=&amp;hnear=Rue+de+la+Reinette+6,+1000+Bruxelles&amp;gl=be&amp;t=m&amp;z=14&amp;ll=50.838965,4.360914&amp;source=embed\" target=\"_blank\" rel=\"noopener\">Agrandir le plan<\/a><\/small><\/p>\n","protected":false},"excerpt":{"rendered":"<p>Nous sommes situ\u00e9s \u00e0 la Porte de Namur, rue de la Reinette 6, Bruxelles 1000. Heures d&rsquo;ouverture: jeudi, vendredi, samedi de 17h \u00e0 21h30 Parking ais\u00e9 au \u00ab\u00a0Parking des Deux Portes\u00a0\u00bb. Agrandir le plan<\/p>\n","protected":false},"author":1,"featured_media":57,"parent":0,"menu_order":0,"comment_status":"open","ping_status":"open","template":"page-contact-progression.php","meta":[],"_links":{"self":[{"href":"https:\/\/www.ars-vinorum.com\/index.php?rest_route=\/wp\/v2\/pages\/48"}],"collection":[{"href":"https:\/\/www.ars-vinorum.com\/index.php?rest_route=\/wp\/v2\/pages"}],"about":[{"href":"https:\/\/www.ars-vinorum.com\/index.php?rest_route=\/wp\/v2\/types\/page"}],"author":[{"embeddable":true,"href":"https:\/\/www.ars-vinorum.com\/index.php?rest_route=\/wp\/v2\/users\/1"}],"replies":[{"embeddable":true,"href":"https:\/\/www.ars-vinorum.com\/index.php?rest_route=%2Fwp%2Fv2%2Fcomments&post=48"}],"version-history":[{"count":14,"href":"https:\/\/www.ars-vinorum.com\/index.php?rest_route=\/wp\/v2\/pages\/48\/revisions"}],"predecessor-version":[{"id":1176,"href":"https:\/\/www.ars-vinorum.com\/index.php?rest_route=\/wp\/v2\/pages\/48\/revisions\/1176"}],"wp:featuredmedia":[{"embeddable":true,"href":"https:\/\/www.ars-vinorum.com\/index.php?rest_route=\/wp\/v2\/media\/57"}],"wp:attachment":[{"href":"https:\/\/www.ars-vinorum.com\/index.php?rest_route=%2Fwp%2Fv2%2Fmedia&parent=48"}],"curies":[{"name":"wp","href":"https:\/\/api.w.org\/{rel}","templated":true}]}}